{"id":43,"date":"2023-03-09T15:26:51","date_gmt":"2023-03-09T14:26:51","guid":{"rendered":"http:\/\/146.0.36.177:8085\/tpcportal2023\/?page_id=43"},"modified":"2025-08-03T12:56:28","modified_gmt":"2025-08-03T10:56:28","slug":"willkommen-otter","status":"publish","type":"page","link":"https:\/\/tpcportal2.de\/","title":{"rendered":"Willkommen"},"content":{"rendered":"\n<p>Herzlich willkommen auf dem Download Portal von Team Pony Concept\u00ae<\/p>\n\n\n\n<p>\u00dcber dieses Download Portal k\u00f6nnt ihr allgemeine Informationen \u00fcber Team Pony Concept\u00ae, Seminar begleitende Unterlagen, Spielideen, Bastelideen und viele interessante Inhalte rund um das Thema Ponyschule beziehen. Es werden immer wieder neue Inhalte f\u00fcr euch hochgeladen. Dokumente werden aktualisiert.<\/p>\n\n\n\n<p>Students k\u00f6nnen NUR in den Bereich AUSBILDUNG schauen. Lehrkr\u00e4fte haben zus\u00e4tzlich zum Bereich AUSBILDUNG in die PORTALMITGLIEDER Zugriff. Das erste Jahr nach der Zertifizierung ist kostenlos danach ist dieser Service kostenpflichtig.<\/p>\n\n\n\n<p>Dieser Service ist kostenpflichtig. Ihr zahlt einmal im Jahr 25 \u20ac. Die Nutzung verl\u00e4ngert sich um ein weiteres Jahr, sofern ihr es nicht abbestellt.<\/p>\n\n\n\n<p>Die bis zum Nutzungsdatum abgespeicherten Dokumente, Logos und Dateien d\u00fcrft ihr dann auch weiter benutzen, auch wenn ihr das Abo abbestellt habt.<\/p>\n\n\n\n<p>Die Weitergabe an Dritte sind ohne vorherige, schriftliche Genehmigung unzul\u00e4ssig .Das Urheberrecht und s\u00e4mtliche weiteren Rechte sind Nicole Holland-Nell vorbehalten. Alle Angaben sind ohne Gew\u00e4hr. Weder Autorinnen noch die Herausgeberin (TEAM PONY CONCEPT\u00ae vertreten durch Nicole Holland Nell) k\u00f6nnen f\u00fcr eventuelle Nachteile sowie Sch\u00e4den materieller und ideeller Art, die aus den vorgestellten Informationen resultieren, eine Haftung \u00fcbernehmen.<\/p>\n\n\n\n<p>Team Pony Concept GmbH<br>Hof G\u00fcll 1<br>35423 Lich<\/p>\n\n\n\n<p>Telefon: +49 171 6113367<\/p>\n\n\n\n<p>E-Mail:&nbsp;<a href=\"mailto:info@teamponyconcept.de\">info@teamponyconcept.de<\/a><\/p>\n","protected":false},"excerpt":{"rendered":"<p>Herzlich willkommen auf dem Download Portal von Team Pony Concept\u00ae \u00dcber dieses Download Portal k\u00f6nnt ihr allgemeine Informationen \u00fcber Team Pony Concept\u00ae, Seminar begleitende Unterlagen, Spielideen, Bastelideen und viele interessante Inhalte rund um das Thema Ponyschule beziehen. Es werden immer wieder neue Inhalte f\u00fcr euch hochgeladen. Dokumente werden aktualisiert. Students k\u00f6nnen NUR in den Bereich&hellip;&nbsp;<a href=\"https:\/\/tpcportal2.de\/\" rel=\"bookmark\">Weiterlesen &raquo;<span class=\"screen-reader-text\">Willkommen<\/span><\/a><\/p>\n","protected":false},"author":1,"featured_media":0,"parent":0,"menu_order":0,"comment_status":"closed","ping_status":"closed","template":"","meta":{"neve_meta_sidebar":"left","neve_meta_container":"default","neve_meta_enable_content_width":"","neve_meta_content_width":70,"neve_meta_title_alignment":"","neve_meta_author_avatar":"","neve_post_elements_order":"","neve_meta_disable_header":"","neve_meta_disable_footer":"","neve_meta_disable_title":"","_themeisle_gutenberg_block_has_review":false,"footnotes":""},"class_list":["post-43","page","type-page","status-publish","hentry"],"_links":{"self":[{"href":"https:\/\/tpcportal2.de\/index.php\/wp-json\/wp\/v2\/pages\/43","targetHints":{"allow":["GET"]}}],"collection":[{"href":"https:\/\/tpcportal2.de\/index.php\/wp-json\/wp\/v2\/pages"}],"about":[{"href":"https:\/\/tpcportal2.de\/index.php\/wp-json\/wp\/v2\/types\/page"}],"author":[{"embeddable":true,"href":"https:\/\/tpcportal2.de\/index.php\/wp-json\/wp\/v2\/users\/1"}],"replies":[{"embeddable":true,"href":"https:\/\/tpcportal2.de\/index.php\/wp-json\/wp\/v2\/comments?post=43"}],"version-history":[{"count":6,"href":"https:\/\/tpcportal2.de\/index.php\/wp-json\/wp\/v2\/pages\/43\/revisions"}],"predecessor-version":[{"id":1035,"href":"https:\/\/tpcportal2.de\/index.php\/wp-json\/wp\/v2\/pages\/43\/revisions\/1035"}],"wp:attachment":[{"href":"https:\/\/tpcportal2.de\/index.php\/wp-json\/wp\/v2\/media?parent=43"}],"curies":[{"name":"wp","href":"https:\/\/api.w.org\/{rel}","templated":true}]}}